{"id":45,"date":"2018-06-13T01:39:04","date_gmt":"2018-06-13T01:39:04","guid":{"rendered":"http:\/\/wieseweb.eu\/?page_id=45"},"modified":"2026-04-15T09:00:48","modified_gmt":"2026-04-15T09:00:48","slug":"impressum","status":"publish","type":"page","link":"https:\/\/wieseweb.eu\/?page_id=45","title":{"rendered":"Impressum"},"content":{"rendered":"<p>Anschrift<br \/>\nFalko Wiese<br \/>\nPostfach 11 01 01<br \/>\n17041 Neubrandenburg<\/p>\n<p>Steuer-Nr.<br \/>\n072 \/ 287 \/ 04401<\/p>\n<p>Mail<br \/>\nfwiese.wse(at)gmail.com<\/p>\n<p>Internet<br \/>\nwww.wieseweb.eu<\/p>\n<p>Inhaber<br \/>\nFalko Wiese<\/p>\n<p>Urheberrecht<br \/>\nCopyright \u00a9 2015 Falko Wiese &#8211; Alle Rechte vorbehalten. Inhalt und Aufbau dieser Website sind urheberrechtlich gesch\u00fctzt. Die Vervielf\u00e4ltigung, Weiterverbreitung, Wieder- und Weitergabe der hier abgelegten Daten \/ Informationen \u2013 insbesondere Texte, Textteile und Bildmaterial &#8211; bedarf der vorherigen ausdr\u00fccklichen Zustimmung durch Falko Wiese.<\/p>\n<p>Alle in diesem Internetangebot befindlichen Angaben und Informationen wurden von Falko Wiese sorgf\u00e4ltig ausgew\u00e4hlt, zusammengestellt, gepr\u00fcft und nach bestem Wissen und Gewissen ver\u00f6ffentlicht. Falko Wiese \u00fcbernimmt keine Garantie oder Haftung f\u00fcr die Richtigkeit, Vollst\u00e4ndigkeit und Aktualit\u00e4t der bereitgestellten Informationen, insbesondere nicht f\u00fcr direkte und indirekte Sch\u00e4den, die durch die Nutzung dieser Website und ihrer Informationen, Daten und Dateien entstehen. Die hier abgelegten Informationen sind unverbindlich. Bitte pr\u00fcfen Sie die Informationen, bevor Sie diese verwenden. Eine pers\u00f6nliche Beratung wird hierdurch nicht ersetzt \u2013 verbindliche Aussagen k\u00f6nnen nur auf konkrete Anfragen hin angegeben werden. Falko Wiese beh\u00e4lt sich vor, an den bereitgestellten Informationen jederzeit \u00c4nderungen oder Erg\u00e4nzungen ohne vorherige Ank\u00fcndigung vorzunehmen.<\/p>\n<p>Haftung Trotz sorgf\u00e4ltiger inhaltlicher Kontrolle \u00fcbernehmen wir keine Haftung f\u00fcr die Inhalte externer Links. F\u00fcr den Inhalt der verlinkten Seiten sind ausschlie\u00dflich deren Betreiber verantwortlich.<\/p>\n<p>Datenschutz Falko Wiese nimmt den Schutz pers\u00f6nlicher Daten und deren vertrauliche Behandlung ernst. Die Erhebung, Verarbeitung und Nutzung Ihrer Daten erfolgt im Rahmen der gesetzlichen Vorschriften. \u00fcber diese k\u00f6nnen Sie sich unter www.datenschutz.de umfassend informieren.<\/p>\n<p>Falko Wiese hat technische und organisatorische Ma\u00dfnahmen getroffen, die sicherstellen, dass die Vorschriften \u00fcber den Datenschutz von uns und von externen Dienstleistern beachtet werden.<\/p>\n<p>Wenn Sie Informationsmaterial downloaden bzw. Formulare ausf\u00fcllen, fragen wir Sie nach pers\u00f6nlichen Informationen. Es unterliegt Ihrer freien Entscheidung, ob Sie diese Daten angeben. Ihre Angaben speichern wir auf gesch\u00fctzten Servern in Deutschland. Die Vorschriften des Datenschutzes werden eingehalten. Eine Weitergabe an Dritte erfolgt nicht ohne Ihre ausdr\u00fcckliche Einwilligung.<\/p>\n","protected":false},"excerpt":{"rendered":"<p>Anschrift Falko Wiese Postfach 11 01 01 17041 Neubrandenburg Steuer-Nr. 072 \/ 287 \/ 04401 Mail fwiese.wse(at)gmail.com Internet www.wieseweb.eu Inhaber Falko Wiese Urheberrecht Copyright \u00a9 2015 Falko Wiese &#8211; Alle &#8230;<\/p>\n","protected":false},"author":1,"featured_media":0,"parent":0,"menu_order":0,"comment_status":"closed","ping_status":"closed","template":"","meta":{"footnotes":""},"class_list":["post-45","page","type-page","status-publish","hentry"],"_links":{"self":[{"href":"https:\/\/wieseweb.eu\/index.php?rest_route=\/wp\/v2\/pages\/45","targetHints":{"allow":["GET"]}}],"collection":[{"href":"https:\/\/wieseweb.eu\/index.php?rest_route=\/wp\/v2\/pages"}],"about":[{"href":"https:\/\/wieseweb.eu\/index.php?rest_route=\/wp\/v2\/types\/page"}],"author":[{"embeddable":true,"href":"https:\/\/wieseweb.eu\/index.php?rest_route=\/wp\/v2\/users\/1"}],"replies":[{"embeddable":true,"href":"https:\/\/wieseweb.eu\/index.php?rest_route=%2Fwp%2Fv2%2Fcomments&post=45"}],"version-history":[{"count":4,"href":"https:\/\/wieseweb.eu\/index.php?rest_route=\/wp\/v2\/pages\/45\/revisions"}],"predecessor-version":[{"id":73,"href":"https:\/\/wieseweb.eu\/index.php?rest_route=\/wp\/v2\/pages\/45\/revisions\/73"}],"wp:attachment":[{"href":"https:\/\/wieseweb.eu\/index.php?rest_route=%2Fwp%2Fv2%2Fmedia&parent=45"}],"curies":[{"name":"wp","href":"https:\/\/api.w.org\/{rel}","templated":true}]}}