{"id":61,"date":"2018-11-04T07:10:10","date_gmt":"2018-11-04T07:10:10","guid":{"rendered":"http:\/\/wieseweb.eu\/?page_id=61"},"modified":"2025-09-17T18:23:37","modified_gmt":"2025-09-17T18:23:37","slug":"kunden-partner","status":"publish","type":"page","link":"https:\/\/wieseweb.eu\/?page_id=61","title":{"rendered":"Kunden &#038; Partner"},"content":{"rendered":"<p>Die <strong><a href=\"https:\/\/www.weberweb.com\/\" target=\"_blank\" rel=\"noopener noreferrer\">Weber Maschinenbau Gmbh<\/a><\/strong> ist Weltmarkf\u00fchrer im Bereich der Lebensmittelverarbeitung &#8211; speziell im Segment des Aufschneidens von Wurst, Schinken und K\u00e4se. Das mittelst\u00e4ndische Unternehmen aus Breidenbach mit Niederlassungen in Neubrandenburg (Mecklenburg-Vorpommern), Wolfertschwenden (Allg\u00e4u), Gro\u00df Nemerow (bei Neubrandenburg) und Kansas City (USA) und Service-Niederlassungen weltweit, vor allem in Europa, ist in den letzen Jahren auf \u00fcber 1000 Mitarbeiter angewachsen. Die dynamische Entwicklung der Firma zeigt sich durch die stetige Erweiterung ihres Portfolios. Als j\u00fcngstes Beispiel zeigt dies die Er\u00f6ffnung der Unternehmenssparte von &#8218;Weber Packaging&#8216;. Der Zweck des Unternehmens ist es, Maschinen und Automatisierungsl\u00f6sungen f\u00fcr die Lebensmittelverarbeitung zu entwickeln und zu bauen. Bis auf zugekaufte elektrotechnische und elektronische Komponenten entwickelt und fertigt die Weber Maschinenbau Gmbh nahezu alle Hard- und Sofware-Komponenten selbst. Sie erreicht damit eine sagenhafte Fertigungstiefe von \u00fcber neunzig Prozent!<\/p>\n<p>Der <strong><a href=\"https:\/\/www.data-experts.de\/\" target=\"_blank\" rel=\"noopener noreferrer\">data experts gmbh<\/a><\/strong> Firmenverbund ist ein mittelst\u00e4ndisches Unternehmen aus Neubrandenburg mit eigenst\u00e4ndigen &#8218;T\u00f6chtern&#8216; in Berlin und Magdeburg. Sie ist mit ca. 250 Mitarbeitern die zweitgr\u00f6\u00dfte Softwarefirma Mecklenburg-Vorpommerns. Neben SAP- und allgemeiner, informationstechnischer System-Beratung ist die Entwicklung von Softwareprodukten f\u00fcr Beh\u00f6rden und Krankenkassen der Zweck des Unternehmens.<\/p>\n<p>Das mittelst\u00e4ndische Unternehmen <strong><a href=\"http:\/\/hmi-project.com\/de\" target=\"_blank\" rel=\"noopener noreferrer\">HMI Project<\/a> <\/strong>ist eine User-Interface-Design- und Softwareentwicklungsfirma aus W\u00fcrzburg. Wobei das Entwicklungs-Know-How von der &#8218;Tochter&#8216; <strong><a href=\"http:\/\/hmi-logic.com\/\" target=\"_blank\" rel=\"noopener noreferrer\">HMI Logic<\/a><\/strong> aus Bamberg beigsteuert wird.<\/p>\n<p>Die Firma <strong><a href=\"https:\/\/www.nuveon.de\/index.html\" target=\"_blank\" rel=\"noopener noreferrer\">nuveon<\/a><\/strong> ist eine mittelst\u00e4ndische Software-Beratungs- und -Entwicklungsfirma. Sie platziert sich im &#8218;Internet of Things (IoT)&#8216; Umfeld. Sie hat Niederlassungen in Markt-Berolzheim und M\u00fcnchen.<\/p>\n","protected":false},"excerpt":{"rendered":"<p>Die Weber Maschinenbau Gmbh ist Weltmarkf\u00fchrer im Bereich der Lebensmittelverarbeitung &#8211; speziell im Segment des Aufschneidens von Wurst, Schinken und K\u00e4se. Das mittelst\u00e4ndische Unternehmen aus Breidenbach mit Niederlassungen in Neubrandenburg &#8230;<\/p>\n","protected":false},"author":1,"featured_media":0,"parent":0,"menu_order":0,"comment_status":"closed","ping_status":"closed","template":"","meta":{"footnotes":""},"class_list":["post-61","page","type-page","status-publish","hentry"],"_links":{"self":[{"href":"https:\/\/wieseweb.eu\/index.php?rest_route=\/wp\/v2\/pages\/61","targetHints":{"allow":["GET"]}}],"collection":[{"href":"https:\/\/wieseweb.eu\/index.php?rest_route=\/wp\/v2\/pages"}],"about":[{"href":"https:\/\/wieseweb.eu\/index.php?rest_route=\/wp\/v2\/types\/page"}],"author":[{"embeddable":true,"href":"https:\/\/wieseweb.eu\/index.php?rest_route=\/wp\/v2\/users\/1"}],"replies":[{"embeddable":true,"href":"https:\/\/wieseweb.eu\/index.php?rest_route=%2Fwp%2Fv2%2Fcomments&post=61"}],"version-history":[{"count":4,"href":"https:\/\/wieseweb.eu\/index.php?rest_route=\/wp\/v2\/pages\/61\/revisions"}],"predecessor-version":[{"id":68,"href":"https:\/\/wieseweb.eu\/index.php?rest_route=\/wp\/v2\/pages\/61\/revisions\/68"}],"wp:attachment":[{"href":"https:\/\/wieseweb.eu\/index.php?rest_route=%2Fwp%2Fv2%2Fmedia&parent=61"}],"curies":[{"name":"wp","href":"https:\/\/api.w.org\/{rel}","templated":true}]}}